{"id":8,"date":"2025-11-25T17:44:24","date_gmt":"2025-11-25T20:44:24","guid":{"rendered":"https:\/\/agisa.com.br\/bonus.agisa.com.br\/?page_id=8"},"modified":"2026-01-05T12:18:00","modified_gmt":"2026-01-05T15:18:00","slug":"cashback","status":"publish","type":"page","link":"https:\/\/agisa.com.br\/bonus.agisa.com.br\/cashback\/","title":{"rendered":"HOME"},"content":{"rendered":"\t\t<div data-elementor-type=\"wp-post\" data-elementor-id=\"8\" class=\"elementor elementor-8\">\n\t\t\t\t<div class=\"elementor-element elementor-element-05a0091 e-flex e-con-boxed e-con e-parent\" data-id=\"05a0091\" data-element_type=\"container\">\n\t\t\t\t\t<div class=\"e-con-inner\">\n\t\t\t\t<div class=\"elementor-element elementor-element-da3760b elementor-widget elementor-widget-html\" data-id=\"da3760b\" data-element_type=\"widget\" data-widget_type=\"html.default\">\n\t\t\t\t\t<section id=\"cashback-agisa\"><style>:root{--ag-yellow:#FFD400;--ag-black:#050505;--ag-gray:#0d0d0f;--ag-text:#F5F5F5;--glass:rgba(255,255,255,.06);--glass2:rgba(255,255,255,.09);--stroke:rgba(255,255,255,.12);--stroke2:rgba(255,212,0,.28);--shadow:0 26px 90px rgba(0,0,0,.75);--shadow2:0 16px 60px rgba(0,0,0,.65);--glow:0 0 26px rgba(255,212,0,.25);--glow2:0 0 46px rgba(255,212,0,.18);--radius-xl:28px;--radius-lg:20px;--radius-md:16px}#cashback-agisa{font-family:Inter,Arial,sans-serif;width:100%;color:var(--ag-text);padding:64px 0 84px;background:radial-gradient(1200px 600px at 14% 8%,rgba(255,212,0,.11),transparent 55%),radial-gradient(1000px 520px at 86% 18%,rgba(255,212,0,.08),transparent 55%),radial-gradient(900px 520px at 50% 90%,rgba(255,255,255,.05),transparent 55%),linear-gradient(180deg,#070707 0%,#000 55%,#050505 100%);overflow:hidden;position:relative}#cashback-agisa:before{content:\"\";position:absolute;inset:-2px;background:linear-gradient(rgba(255,255,255,.04) 1px,transparent 1px) 0 0\/48px 48px,linear-gradient(90deg,rgba(255,255,255,.04) 1px,transparent 1px) 0 0\/48px 48px;mask:radial-gradient(900px 520px at 50% 18%,#000 35%,transparent 70%);opacity:.35;pointer-events:none}.cb-container{width:100%;max-width:1180px;margin:0 auto;padding:0 20px;position:relative;z-index:2}.cb-badge{display:inline-flex;align-items:center;gap:10px;font-size:12px;letter-spacing:.12em;text-transform:uppercase;padding:8px 14px;border-radius:999px;border:1px solid rgba(255,212,0,.35);background:rgba(0,0,0,.35);box-shadow:var(--glow);color:var(--ag-yellow);backdrop-filter:blur(10px);-webkit-backdrop-filter:blur(10px)}.cb-badge .dot{width:18px;height:18px;border-radius:999px;background:radial-gradient(circle at 30% 30%,#fff 0%,var(--ag-yellow) 45%,rgba(255,212,0,.35) 100%);box-shadow:0 0 18px rgba(255,212,0,.35)}.cb-hero{display:grid;grid-template-columns:minmax(0,1.2fr) minmax(0,.9fr);gap:34px;align-items:center;margin-bottom:44px}.cb-hero-title{margin:14px 0 10px;font-weight:900;text-transform:uppercase;font-size:clamp(32px,4vw,46px);line-height:1.06;letter-spacing:.02em}.cb-hero-title strong{color:var(--ag-yellow);text-shadow:0 0 18px rgba(255,212,0,.35)}.cb-hero-sub{margin:0 0 18px;color:rgba(245,245,245,.86);font-size:15px;line-height:1.75;max-width:640px}.cb-hero-highlights{display:flex;flex-wrap:wrap;gap:10px;margin:18px 0 22px}.cb-pill{font-size:12px;letter-spacing:.04em;padding:8px 12px;border-radius:999px;background:rgba(255,255,255,.06);border:1px solid rgba(255,255,255,.12);color:rgba(245,245,245,.92);backdrop-filter:blur(10px);-webkit-backdrop-filter:blur(10px)}.cb-pill b{color:var(--ag-yellow)}.cb-actions{display:flex;gap:12px;flex-wrap:wrap;align-items:center}.cb-whats-cta{display:inline-flex;align-items:center;justify-content:center;gap:10px;padding:13px 20px;border-radius:999px;background:linear-gradient(180deg,#ffe874 0%,var(--ag-yellow) 55%,#d6b000 100%);color:#000!important;font-weight:900;font-size:13px;letter-spacing:.08em;text-transform:uppercase;text-decoration:none;box-shadow:0 14px 40px rgba(0,0,0,.55),0 0 22px rgba(255,212,0,.22);transition:transform .18s ease,box-shadow .18s ease,filter .18s ease;will-change:transform}.cb-whats-cta:hover{transform:translateY(-1px);filter:brightness(1.04);box-shadow:0 18px 52px rgba(0,0,0,.65),0 0 36px rgba(255,212,0,.26)}.cb-whats-cta i{font-style:normal;display:inline-flex;width:24px;height:24px;align-items:center;justify-content:center;border-radius:999px;background:#000;color:var(--ag-yellow);box-shadow:0 0 18px rgba(255,212,0,.25);font-size:12px}.cb-secondary{display:inline-flex;align-items:center;gap:10px;padding:13px 16px;border-radius:999px;background:rgba(255,255,255,.06);border:1px solid rgba(255,255,255,.14);color:rgba(245,245,245,.92);text-decoration:none;font-weight:800;text-transform:uppercase;letter-spacing:.08em;font-size:12px;transition:transform .18s ease,border-color .18s ease;backdrop-filter:blur(10px);-webkit-backdrop-filter:blur(10px)}.cb-secondary:hover{transform:translateY(-1px);border-color:rgba(255,212,0,.35)}.cb-hero-note{margin-top:10px;font-size:12px;color:rgba(245,245,245,.62)}.cb-right{position:relative;min-height:420px}.fin-hero{position:absolute;inset:0;border-radius:var(--radius-xl);background:radial-gradient(700px 350px at 70% 20%,rgba(255,212,0,.15),transparent 62%),linear-gradient(180deg,rgba(255,255,255,.08) 0%,rgba(255,255,255,.02) 36%,rgba(0,0,0,.35) 100%);border:1px solid rgba(255,255,255,.10);box-shadow:var(--shadow);overflow:hidden;padding:18px;display:flex;align-items:flex-end;justify-content:center}.fin-hero:before{content:\"\";position:absolute;inset:-2px;background:radial-gradient(circle at 22% 22%,rgba(255,212,0,.22),transparent 52%);opacity:.8;pointer-events:none;filter:blur(2px)}.fin-orbit{position:absolute;left:12px;top:10px;width:100%;height:100%;pointer-events:none;opacity:.9}.orb{position:absolute;width:64px;height:64px;border-radius:16px;background:rgba(255,255,255,.05);border:1px solid rgba(255,255,255,.12);box-shadow:0 18px 44px rgba(0,0,0,.55);transform:rotate(-12deg);backdrop-filter:blur(10px);-webkit-backdrop-filter:blur(10px)}.orb:before{content:\"\";position:absolute;inset:10px;border-radius:12px;background:linear-gradient(135deg,rgba(255,212,0,.35),rgba(255,255,255,.08));opacity:.55}.orb.lock{width:54px;height:54px;border-radius:14px;right:22px;top:22px;left:auto;transform:rotate(10deg)}.orb.lock:after{content:\"\";position:absolute;width:16px;height:12px;border-radius:4px 4px 3px 3px;border:2px solid rgba(255,212,0,.75);left:18px;top:18px;box-shadow:0 0 18px rgba(255,212,0,.25)}.orb.lock:before{inset:12px;opacity:.35}.orb.coin{width:58px;height:58px;border-radius:999px;left:16px;bottom:26px;top:auto;transform:rotate(-8deg)}.orb.coin:before{border-radius:999px;inset:10px;background:radial-gradient(circle at 30% 30%,rgba(255,255,255,.25),rgba(255,212,0,.42) 55%,rgba(255,212,0,.10) 100%)}.cb-card-visual{left:auto!important;right:auto!important;bottom:auto!important;width:min(420px,92%);aspect-ratio:1.586\/1;height:auto;margin:0 auto;border-radius:24px;padding:18px 18px 16px;border:1px solid rgba(255,212,0,.45);background:transparent!important;box-shadow:0 26px 90px rgba(0,0,0,.75),0 0 46px rgba(255,212,0,.14);transform:perspective(1000px) rotateX(10deg) rotateY(-14deg) translateY(-2px);transform-origin:50% 45%;overflow:hidden;backdrop-filter:none!important;-webkit-backdrop-filter:none!important;position:relative;z-index:2}.cb-card-visual:before,.cb-card-visual:after{display:none!important}.cb-card-top{position:relative;display:flex;align-items:flex-start;justify-content:space-between;gap:12px;z-index:2}.cb-card-chip{width:46px;height:34px;border-radius:11px;background:linear-gradient(135deg,#ffe874 0%,#caa400 38%,#fff0a6 100%);box-shadow:inset 0 0 0 1px rgba(0,0,0,.25),0 10px 26px rgba(0,0,0,.55);position:relative;overflow:hidden}.cb-card-chip:before{content:\"\";position:absolute;inset:0;background:radial-gradient(circle at 30% 30%,rgba(255,255,255,.55),transparent 52%),linear-gradient(90deg,rgba(0,0,0,.15),transparent,rgba(0,0,0,.22));opacity:.7}.cb-card-brand{display:flex;flex-direction:column;gap:6px}.cb-card-brandline{display:flex;align-items:center;gap:10px}.cb-card-logo img{width:64px;height:auto;display:block;filter:drop-shadow(0 10px 24px rgba(0,0,0,.65));opacity:.95}.cb-card-title{font-weight:900;text-transform:uppercase;letter-spacing:.14em;font-size:12px;color:rgba(255,212,0,.95);text-shadow:0 0 18px rgba(255,212,0,.22)}.cb-card-sub{font-size:10px;letter-spacing:.18em;text-transform:uppercase;color:rgba(245,245,245,.74)}.cb-card-strip{position:relative;z-index:2;height:1px;width:100%;margin:14px 0 12px;background:linear-gradient(90deg,transparent,rgba(255,212,0,.55),transparent);opacity:.9}.cb-card-bottom{position:relative;z-index:2;display:flex;justify-content:space-between;align-items:flex-end;gap:12px}.cb-card-left{font-size:10.5px;line-height:1.5;letter-spacing:.12em;text-transform:uppercase;color:rgba(245,245,245,.86)}.cb-card-left b{color:var(--ag-yellow)}.cb-card-right{text-align:right;font-size:10.5px;line-height:1.5;letter-spacing:.12em;text-transform:uppercase;color:rgba(245,245,245,.70)}.cb-card-right b{color:rgba(255,255,255,.92)}.cb-section-title{font-size:18px;font-weight:900;text-transform:uppercase;letter-spacing:.08em;margin:28px 0 10px}.cb-section-sub{margin:0 0 16px;color:rgba(245,245,245,.72);font-size:14px;line-height:1.7}.cb-kpis{display:grid;grid-template-columns:repeat(3,minmax(0,1fr));gap:14px;margin-top:18px}.kpi{border-radius:var(--radius-lg);padding:16px 16px 14px;background:rgba(255,255,255,.05);border:1px solid rgba(255,255,255,.10);box-shadow:var(--shadow2);position:relative;overflow:hidden;backdrop-filter:blur(10px);-webkit-backdrop-filter:blur(10px)}.kpi:before{content:\"\";position:absolute;inset:-2px;background:radial-gradient(circle at 20% 0%,rgba(255,212,0,.16),transparent 55%);opacity:.9;pointer-events:none}.kpi .t{font-size:11px;letter-spacing:.16em;text-transform:uppercase;color:rgba(245,245,245,.68);margin-bottom:8px;position:relative;z-index:2}.kpi .v{font-size:22px;font-weight:900;letter-spacing:.02em;position:relative;z-index:2}.kpi .v b{color:var(--ag-yellow);text-shadow:0 0 18px rgba(255,212,0,.20)}.kpi .s{margin-top:8px;color:rgba(245,245,245,.70);font-size:13px;line-height:1.55;position:relative;z-index:2}.cb-feedback{margin-top:18px;border-radius:var(--radius-xl);border:1px solid rgba(255,255,255,.10);background:rgba(255,255,255,.04);box-shadow:var(--shadow2);overflow:hidden;backdrop-filter:blur(12px);-webkit-backdrop-filter:blur(12px);position:relative}.cb-feedback:before{content:\"\";position:absolute;inset:-2px;background:radial-gradient(circle at 18% 20%,rgba(255,212,0,.14),transparent 52%);opacity:.9;pointer-events:none}.fb-head{display:flex;align-items:center;justify-content:space-between;gap:10px;padding:16px 16px 10px;position:relative;z-index:2}.fb-title{font-weight:900;text-transform:uppercase;letter-spacing:.10em;font-size:13px;color:rgba(255,212,0,.95)}.fb-nav{display:flex;gap:10px}.fb-btn{width:40px;height:40px;border-radius:12px;background:rgba(0,0,0,.35);border:1px solid rgba(255,255,255,.12);color:rgba(245,245,245,.9);cursor:pointer;transition:transform .16s ease,border-color .16s ease;display:inline-flex;align-items:center;justify-content:center;font-weight:900}.fb-btn:hover{transform:translateY(-1px);border-color:rgba(255,212,0,.30)}.fb-track{display:flex;gap:12px;padding:0 16px 16px;overflow:auto;scroll-snap-type:x mandatory;scrollbar-width:none;position:relative;z-index:2}.fb-track::-webkit-scrollbar{display:none}.fb-card{min-width:320px;max-width:320px;scroll-snap-align:start;border-radius:18px;padding:16px;background:rgba(0,0,0,.28);border:1px solid rgba(255,255,255,.12);box-shadow:0 18px 54px rgba(0,0,0,.55);position:relative;overflow:hidden}.fb-card:before{content:\"\";position:absolute;inset:-2px;background:radial-gradient(circle at 14% 0%,rgba(255,212,0,.14),transparent 58%);opacity:.9;pointer-events:none}.fb-top{display:flex;align-items:center;justify-content:space-between;gap:10px;margin-bottom:10px;position:relative;z-index:2}.fb-name{font-weight:900;letter-spacing:.02em}.fb-tag{font-size:11px;letter-spacing:.14em;text-transform:uppercase;color:rgba(245,245,245,.75);border:1px solid rgba(255,255,255,.12);padding:6px 10px;border-radius:999px;background:rgba(255,255,255,.04)}.fb-quote{position:relative;z-index:2;color:rgba(245,245,245,.86);font-size:13px;line-height:1.65;margin:0 0 12px}.fb-stars{display:flex;gap:6px;position:relative;z-index:2}.star{width:10px;height:10px;border-radius:3px;background:rgba(255,212,0,.95);box-shadow:0 0 18px rgba(255,212,0,.25);transform:rotate(8deg)}.cb-table-wrapper{margin-top:18px;background:rgba(255,255,255,.04);border-radius:var(--radius-xl);border:1px solid rgba(255,255,255,.10);padding:18px;box-shadow:var(--shadow2);backdrop-filter:blur(12px);-webkit-backdrop-filter:blur(12px);position:relative;overflow:hidden}.cb-table-wrapper:before{content:\"\";position:absolute;inset:-2px;background:radial-gradient(circle at 18% 0%,rgba(255,212,0,.12),transparent 58%);opacity:.9;pointer-events:none}.cb-table-wrapper h3{margin:0 0 10px;font-size:13px;text-transform:uppercase;letter-spacing:.16em;color:rgba(255,212,0,.95);position:relative;z-index:2}.cb-table-wrapper p{margin:0 0 14px;font-size:13px;color:rgba(245,245,245,.72);position:relative;z-index:2}.cb-table{width:100%;border-collapse:collapse;font-size:13px;border-radius:16px;overflow:hidden;position:relative;z-index:2}.cb-table thead{background:rgba(255,255,255,.06)}.cb-table th,.cb-table td{padding:12px;text-align:left}.cb-table th{font-size:11px;letter-spacing:.14em;text-transform:uppercase;color:rgba(245,245,245,.72)}.cb-table tbody tr:nth-child(odd){background:rgba(0,0,0,.28)}.cb-table tbody tr:nth-child(even){background:rgba(0,0,0,.18)}.cb-chip-percent{display:inline-flex;align-items:center;justify-content:center;padding:6px 10px;border-radius:999px;background:rgba(255,212,0,.10);border:1px solid rgba(255,212,0,.35);color:rgba(255,212,0,.95);font-size:11px;letter-spacing:.08em;text-transform:uppercase}.cb-rules{display:grid;grid-template-columns:minmax(0,1.2fr) minmax(0,.9fr);gap:14px;margin-top:16px}.cb-rules-list{background:rgba(255,255,255,.04);border-radius:var(--radius-xl);border:1px solid rgba(255,255,255,.10);padding:16px 16px 14px 18px;box-shadow:var(--shadow2);backdrop-filter:blur(12px);-webkit-backdrop-filter:blur(12px)}.cb-rules-list ul{margin:0;padding-left:18px}.cb-rules-list li{margin:8px 0;color:rgba(245,245,245,.80);font-size:13px;line-height:1.55}.cb-rules-highlight{background:radial-gradient(700px 220px at 20% 0%,rgba(255,212,0,.16),transparent 55%),rgba(255,255,255,.03);border-radius:var(--radius-xl);border:1px dashed rgba(255,212,0,.38);padding:16px;box-shadow:var(--shadow2);color:rgba(245,245,245,.90)}.cb-rules-highlight strong{color:var(--ag-yellow);text-shadow:0 0 18px rgba(255,212,0,.20)}.cb-final{margin-top:18px;border-radius:var(--radius-xl);border:1px solid rgba(255,212,0,.28);background:radial-gradient(900px 280px at 20% 0%,rgba(255,212,0,.14),transparent 55%),rgba(255,255,255,.03);padding:18px;display:flex;flex-wrap:wrap;align-items:center;justify-content:space-between;gap:14px;box-shadow:var(--shadow2);backdrop-filter:blur(12px);-webkit-backdrop-filter:blur(12px)}.cb-final-title{margin:0 0 6px;font-size:18px;font-weight:900;letter-spacing:.08em;text-transform:uppercase}.cb-final-sub{margin:0;color:rgba(245,245,245,.72);font-size:14px;line-height:1.6}@media (max-width:980px){.cb-hero{grid-template-columns:1fr}.cb-right{min-height:560px}.cb-card-visual{width:min(460px,94%);transform:perspective(900px) rotateX(10deg) rotateY(-10deg) translateY(-2px)}.cb-kpis{grid-template-columns:1fr}.cb-rules{grid-template-columns:1fr}.fb-card{min-width:280px;max-width:280px}}<\/style><div class=\"cb-container\"><section class=\"cb-hero\"><div><div class=\"cb-badge\"><span class=\"dot\"><\/span><span>CASHBACK EXCLUSIVO PARA CLIENTES AGISA<\/span><\/div><h1 class=\"cb-hero-title\">Cashback <strong>5% ao m\u00eas<\/strong> para usar na pr\u00f3xima loca\u00e7\u00e3o<\/h1><p class=\"cb-hero-sub\">Voc\u00ea paga sua loca\u00e7\u00e3o mensal e recebe <strong>5% de b\u00f4nus todo m\u00eas<\/strong> como cr\u00e9dito. Depois, usa esse cr\u00e9dito para abater parte do valor em uma nova loca\u00e7\u00e3o AGISA. Direto, premium e sem enrola\u00e7\u00e3o.<\/p><div class=\"cb-hero-highlights\"><span class=\"cb-pill\"><b>5%<\/b> de b\u00f4nus por m\u00eas<\/span><span class=\"cb-pill\">Cr\u00e9dito para pr\u00f3xima loca\u00e7\u00e3o<\/span><span class=\"cb-pill\">Consulta r\u00e1pida<\/span><\/div><div class=\"cb-actions\"><a class=\"cb-whats-cta cb-consultar\" href=\"https:\/\/agisa.com.br\/bonus.agisa.com.br\/area-do-cliente\/\" target=\"_self\" rel=\"noopener\"><i>WA<\/i> CONSULTAR CASHBACK<\/a><a class=\"cb-secondary\" href=\"#regras-cashback\">VER REGRAS<\/a><\/div><p class=\"cb-hero-note\">*Cr\u00e9dito vinculado ao seu CPF\/CNPJ. Valida\u00e7\u00e3o e aplica\u00e7\u00e3o com a equipe comercial AGISA.<\/p><\/div><div class=\"cb-right\"><div class=\"fin-hero\"><div class=\"fin-orbit\"><div class=\"orb lock\"><\/div><div class=\"orb coin\"><\/div><\/div><div class=\"cb-card-visual\"><div class=\"cb-card-top\"><div class=\"cb-card-brand\"><div class=\"cb-card-brandline\"><div class=\"cb-card-logo\"><img decoding=\"async\" src=\"https:\/\/agisa.com.br\/bonus.agisa.com.br\/wp-content\/uploads\/2025\/12\/SOLUCOES-MODULARES.png\" alt=\"AGISA\"><\/div><div class=\"cb-card-title\">AGISA<\/div><\/div><div class=\"cb-card-sub\">BACKCASH \u2022 CASHBACK PREMIUM<\/div><\/div><div class=\"cb-card-chip\" aria-label=\"chip\"><\/div><\/div><div class=\"cb-card-strip\"><\/div><div class=\"cb-card-bottom\"><div class=\"cb-card-left\">B\u00d4NUS <b>5% \/ M\u00caS<\/b><br>CR\u00c9DITO PARA A PR\u00d3XIMA LOCA\u00c7\u00c3O<\/div><div class=\"cb-card-right\">V\u00c1LIDO PARA CLIENTES<br>COM LOCA\u00c7\u00c3O ATIVA OU RECENTE<\/div><\/div><\/div><\/div><\/div><\/section><section><h2 class=\"cb-section-title\">Informa\u00e7\u00e3o direta<\/h2><p class=\"cb-section-sub\">Voc\u00ea recebe <strong>5% ao m\u00eas<\/strong> sobre o valor mensal da loca\u00e7\u00e3o e acumula como cr\u00e9dito. Usa em uma nova loca\u00e7\u00e3o AGISA mediante valida\u00e7\u00e3o comercial.<\/p><div class=\"cb-kpis\"><div class=\"kpi\"><div class=\"t\">Taxa de b\u00f4nus<\/div><div class=\"v\"><b>5%<\/b> ao m\u00eas<\/div><div class=\"s\">Cr\u00e9dito gerado mensalmente a partir do valor da loca\u00e7\u00e3o.<\/div><\/div><div class=\"kpi\"><div class=\"t\">Uso do cr\u00e9dito<\/div><div class=\"v\">Pr\u00f3xima loca\u00e7\u00e3o<\/div><div class=\"s\">Use <b>100% do saldo<\/b> dispon\u00edvel (sem limita\u00e7\u00e3o) para abater na contrata\u00e7\u00e3o de um novo contrato.<\/div><\/div><div class=\"kpi\"><div class=\"t\">Consulta<\/div><div class=\"v\">Painel<\/div><div class=\"s\">Acesse e valide seu saldo e regras.<\/div><\/div><\/div><\/section><section><h2 class=\"cb-section-title\">O que os clientes dizem<\/h2><div class=\"cb-feedback\"><div class=\"fb-head\"><div class=\"fb-title\">FEEDBACK \u2022 BACKCASH<\/div><div class=\"fb-nav\"><button class=\"fb-btn\" type=\"button\" data-fb-prev aria-label=\"Anterior\">\u2039<\/button><button class=\"fb-btn\" type=\"button\" data-fb-next aria-label=\"Pr\u00f3ximo\">\u203a<\/button><\/div><\/div><div class=\"fb-track\" data-fb-track><article class=\"fb-card\"><div class=\"fb-top\"><div class=\"fb-name\">Construtora<\/div><div class=\"fb-tag\">OBRA<\/div><\/div><p class=\"fb-quote\">\u201cConsulta r\u00e1pida, cr\u00e9dito aplicado sem dor de cabe\u00e7a. Experi\u00eancia premium.\u201d<\/p><div class=\"fb-stars\"><span class=\"star\"><\/span><span class=\"star\"><\/span><span class=\"star\"><\/span><span class=\"star\"><\/span><span class=\"star\"><\/span><\/div><\/article><article class=\"fb-card\"><div class=\"fb-top\"><div class=\"fb-name\">Engenharia<\/div><div class=\"fb-tag\">M\u00d3DULOS<\/div><\/div><p class=\"fb-quote\">\u201cO 5% ao m\u00eas faz diferen\u00e7a no pr\u00f3ximo contrato. Comunica\u00e7\u00e3o bem clara.\u201d<\/p><div class=\"fb-stars\"><span class=\"star\"><\/span><span class=\"star\"><\/span><span class=\"star\"><\/span><span class=\"star\"><\/span><span class=\"star\"><\/span><\/div><\/article><article class=\"fb-card\"><div class=\"fb-top\"><div class=\"fb-name\">Cliente AGISA<\/div><div class=\"fb-tag\">PLANT\u00c3O<\/div><\/div><p class=\"fb-quote\">\u201cLayout top e atendimento direto. A valida\u00e7\u00e3o foi r\u00e1pida e transparente.\u201d<\/p><div class=\"fb-stars\"><span class=\"star\"><\/span><span class=\"star\"><\/span><span class=\"star\"><\/span><span class=\"star\"><\/span><span class=\"star\"><\/span><\/div><\/article><article class=\"fb-card\"><div class=\"fb-top\"><div class=\"fb-name\">Obras<\/div><div class=\"fb-tag\">CURITIBA<\/div><\/div><p class=\"fb-quote\">\u201cCr\u00e9dito acumulando todo m\u00eas e d\u00e1 pra usar no pr\u00f3ximo projeto. Muito bom.\u201d<\/p><div class=\"fb-stars\"><span class=\"star\"><\/span><span class=\"star\"><\/span><span class=\"star\"><\/span><span class=\"star\"><\/span><span class=\"star\"><\/span><\/div><\/article><\/div><\/div><\/section><section class=\"cb-table-wrapper\"><h3>Exemplo de c\u00e1lculo (5% ao m\u00eas)<\/h3><p>Exemplo simples para visualizar o b\u00f4nus mensal:<\/p><table class=\"cb-table\"><thead><tr><th>Valor mensal da loca\u00e7\u00e3o<\/th><th>B\u00f4nus mensal (5%)<\/th><th>Uso do cr\u00e9dito<\/th><\/tr><\/thead><tbody><tr><td>R$ 8.000,00<\/td><td><span class=\"cb-chip-percent\">R$ 400,00<\/span><\/td><td>Cr\u00e9dito para abater na pr\u00f3xima loca\u00e7\u00e3o AGISA.<\/td><\/tr><tr><td>R$ 12.000,00<\/td><td><span class=\"cb-chip-percent\">R$ 600,00<\/span><\/td><td>Acumula m\u00eas a m\u00eas conforme regras do programa.<\/td><\/tr><tr><td>R$ 20.000,00<\/td><td><span class=\"cb-chip-percent\">R$ 1.000,00<\/span><\/td><td>Valida\u00e7\u00e3o e aplica\u00e7\u00e3o com o time comercial.<\/td><\/tr><\/tbody><\/table><\/section><section class=\"cb-rules\" id=\"regras-cashback\"><div class=\"cb-rules-list\"><h2 class=\"cb-section-title\" style=\"margin-top:0;\">Regras b\u00e1sicas<\/h2><ul><li>Cashback v\u00e1lido apenas para loca\u00e7\u00f5es com a AGISA.<\/li><li>Cr\u00e9dito vinculado ao CPF ou CNPJ do cliente.<\/li><li>Aplic\u00e1vel somente em novas loca\u00e7\u00f5es.<\/li><li>Saldo (cr\u00e9dito) tem validade de 12 meses a partir da data de emiss\u00e3o.<\/li><li>N\u00e3o cumulativo com outras promo\u00e7\u00f5es.<\/li><li>Sujeito \u00e0 valida\u00e7\u00e3o do time comercial.<\/li><\/ul><\/div><div class=\"cb-rules-highlight\"><strong>Importante:<\/strong> informe que deseja usar o BackCash antes de fechar a pr\u00f3xima loca\u00e7\u00e3o.<\/div><\/section><section class=\"cb-final\"><div><h2 class=\"cb-final-title\">Quer consultar seu saldo?<\/h2><p class=\"cb-final-sub\">Acesse o painel e valide seu cr\u00e9dito BackCash com a equipe AGISA.<\/p><\/div><a class=\"cb-whats-cta cb-consultar\" href=\"https:\/\/agisa.com.br\/bonus.agisa.com.br\/area-do-cliente\/\" target=\"_self\" rel=\"noopener\"><i>WA<\/i> CONSULTAR AGORA<\/a><\/section><audio id=\"cb-audio\" src=\"https:\/\/agisa.com.br\/bonus.agisa.com.br\/wp-content\/uploads\/2026\/01\/cashier-quotka-chingquot-sound-effect-129698.mp3\" preload=\"auto\"><\/audio><\/div><\/section><script>(function(){const track=document.querySelector('#cashback-agisa [data-fb-track]');const prevBtn=document.querySelector('#cashback-agisa [data-fb-prev]');const nextBtn=document.querySelector('#cashback-agisa [data-fb-next]');function scrollByCards(dir){if(!track) return;const first=track.querySelector('.fb-card');const step=first?(first.offsetWidth+12):320;track.scrollBy({left:dir*step,behavior:'smooth'});}prevBtn&&prevBtn.addEventListener('click',()=>scrollByCards(-1));nextBtn&&nextBtn.addEventListener('click',()=>scrollByCards(1));const hero=document.querySelector('#cashback-agisa .fin-hero');const card=document.querySelector('#cashback-agisa .cb-card-visual');if(hero&&card){let raf=null;function setTilt(rx,ry){card.style.transform=`perspective(1000px) rotateX(${10+rx}deg) rotateY(${-14+ry}deg) translateY(-2px)`;}function onMove(e){const rect=hero.getBoundingClientRect();const clientX=e.touches?e.touches[0].clientX:e.clientX;const clientY=e.touches?e.touches[0].clientY:e.clientY;const x=(clientX-rect.left)\/rect.width;const y=(clientY-rect.top)\/rect.height;const rx=(0.5-y)*6;const ry=(x-0.5)*10;if(raf) cancelAnimationFrame(raf);raf=requestAnimationFrame(()=>setTilt(rx,ry));}function onLeave(){if(raf) cancelAnimationFrame(raf);card.style.transition='transform .22s ease';setTilt(0,0);setTimeout(()=>card.style.transition='',240);}hero.addEventListener('mousemove',onMove);hero.addEventListener('mouseleave',onLeave);hero.addEventListener('touchmove',onMove,{passive:true});hero.addEventListener('touchend',onLeave,{passive:true});}const audio=document.getElementById('cb-audio');document.querySelectorAll('#cashback-agisa a.cb-consultar').forEach(a=>{a.addEventListener('click',async(e)=>{const href=a.getAttribute('href');try{if(audio){audio.currentTime=0;await audio.play();}}catch(err){}if(href){e.preventDefault();setTimeout(()=>{window.location.href=href;},260);}});});})();<\/script>\r\n\t\t\t\t<\/div>\n\t\t\t\t\t<\/div>\n\t\t\t\t<\/div>\n\t\t\t\t<\/div>\n\t\t","protected":false},"excerpt":{"rendered":"<p>CASHBACK EXCLUSIVO PARA CLIENTES AGISA Cashback 5% ao m\u00eas para usar na pr\u00f3xima loca\u00e7\u00e3o Voc\u00ea paga sua loca\u00e7\u00e3o mensal e recebe 5% de b\u00f4nus todo m\u00eas como cr\u00e9dito. Depois, usa esse cr\u00e9dito para abater parte do valor em uma nova loca\u00e7\u00e3o AGISA. Direto, premium e sem enrola\u00e7\u00e3o. 5% de b\u00f4nus por m\u00easCr\u00e9dito para pr\u00f3xima loca\u00e7\u00e3oConsulta [&hellip;]<\/p>\n","protected":false},"author":1,"featured_media":0,"parent":0,"menu_order":0,"comment_status":"closed","ping_status":"closed","template":"","meta":{"_acf_changed":false,"footnotes":""},"class_list":["post-8","page","type-page","status-publish","hentry"],"acf":[],"_links":{"self":[{"href":"https:\/\/agisa.com.br\/bonus.agisa.com.br\/wp-json\/wp\/v2\/pages\/8","targetHints":{"allow":["GET"]}}],"collection":[{"href":"https:\/\/agisa.com.br\/bonus.agisa.com.br\/wp-json\/wp\/v2\/pages"}],"about":[{"href":"https:\/\/agisa.com.br\/bonus.agisa.com.br\/wp-json\/wp\/v2\/types\/page"}],"author":[{"embeddable":true,"href":"https:\/\/agisa.com.br\/bonus.agisa.com.br\/wp-json\/wp\/v2\/users\/1"}],"replies":[{"embeddable":true,"href":"https:\/\/agisa.com.br\/bonus.agisa.com.br\/wp-json\/wp\/v2\/comments?post=8"}],"version-history":[{"count":43,"href":"https:\/\/agisa.com.br\/bonus.agisa.com.br\/wp-json\/wp\/v2\/pages\/8\/revisions"}],"predecessor-version":[{"id":1665,"href":"https:\/\/agisa.com.br\/bonus.agisa.com.br\/wp-json\/wp\/v2\/pages\/8\/revisions\/1665"}],"wp:attachment":[{"href":"https:\/\/agisa.com.br\/bonus.agisa.com.br\/wp-json\/wp\/v2\/media?parent=8"}],"curies":[{"name":"wp","href":"https:\/\/api.w.org\/{rel}","templated":true}]}}